{"id":38524,"date":"2022-09-21T11:16:25","date_gmt":"2022-09-21T09:16:25","guid":{"rendered":"https:\/\/develop.visionmedia.nu\/ujtrading\/om-oss\/"},"modified":"2024-10-22T10:34:04","modified_gmt":"2024-10-22T08:34:04","slug":"om-oss","status":"publish","type":"page","link":"https:\/\/ujtrading.se\/sv\/om-oss\/","title":{"rendered":"Om oss"},"content":{"rendered":"<p>[et_pb_section fb_built=&#8221;1&#8243; admin_label=&#8221;Hero&#8221; _builder_version=&#8221;4.18.0&#8243; use_background_color_gradient=&#8221;on&#8221; background_color_gradient_direction=&#8221;178deg&#8221; background_color_gradient_stops=&#8221;rgba(0,0,0,0.39) 0%|#fff6f3 86%|#fff6f3 100%&#8221; background_color_gradient_overlays_image=&#8221;on&#8221; background_image=&#8221;https:\/\/ujtrading.se\/wp-content\/uploads\/2022\/09\/subheader-about.jpg&#8221; custom_margin=&#8221;||||false&#8221; custom_padding=&#8221;6vw||6vw||true|false&#8221; global_colors_info=&#8221;{}&#8221;][et_pb_row column_structure=&#8221;2_3,1_3&#8243; _builder_version=&#8221;4.18.0&#8243; global_colors_info=&#8221;{}&#8221;][et_pb_column type=&#8221;2_3&#8243; _builder_version=&#8221;4.16&#8243; custom_padding=&#8221;|||&#8221; global_colors_info=&#8221;{}&#8221; custom_padding__hover=&#8221;|||&#8221;][et_pb_text _builder_version=&#8221;4.20.0&#8243; text_font=&#8221;||||||||&#8221; header_font=&#8221;|700|||||||&#8221; header_text_color=&#8221;#333333&#8243; header_font_size=&#8221;64px&#8221; header_line_height=&#8221;1.1em&#8221; background_layout=&#8221;dark&#8221; max_width=&#8221;800px&#8221; custom_margin=&#8221;||0px|&#8221; custom_padding=&#8221;|||16px&#8221; text_font_size_tablet=&#8221;14px&#8221; text_font_size_last_edited=&#8221;off|desktop&#8221; header_font_size_tablet=&#8221;44px&#8221; header_font_size_phone=&#8221;32px&#8221; header_font_size_last_edited=&#8221;on|phone&#8221; border_color_all=&#8221;#026666&#8243; border_width_left=&#8221;10px&#8221; global_colors_info=&#8221;{}&#8221;]<\/p>\n<h1>Om oss<\/h1>\n<p>[\/et_pb_text][et_pb_text _builder_version=&#8221;4.20.0&#8243; text_font=&#8221;||||||||&#8221; text_text_color=&#8221;#333333&#8243; text_font_size=&#8221;22px&#8221; text_line_height=&#8221;1.6em&#8221; header_font=&#8221;||||||||&#8221; background_layout=&#8221;dark&#8221; max_width=&#8221;800px&#8221; custom_margin=&#8221;|||&#8221; custom_padding=&#8221;20px||20px||true&#8221; text_font_size_tablet=&#8221;18px&#8221; text_font_size_phone=&#8221;&#8221; text_font_size_last_edited=&#8221;on|phone&#8221; global_colors_info=&#8221;{}&#8221;]UJ Trading grundades 1983 f\u00f6r att fylla behovet av ett specialiserat f\u00f6retag att leverera begagnad s\u00e5gverksutrustning.[\/et_pb_text][et_pb_button button_url=&#8221;@ET-DC@eyJkeW5hbWljIjp0cnVlLCJjb250ZW50IjoicG9zdF9saW5rX3VybF9wYWdlIiwic2V0dGluZ3MiOnsicG9zdF9pZCI6IjI1NDU3IiwiZW5hYmxlX2h0bWwiOiJvZmYifX0=@&#8221; button_text=&#8221;Kontakta oss&#8221; _builder_version=&#8221;4.20.0&#8243; _dynamic_attributes=&#8221;button_url&#8221; custom_button=&#8221;on&#8221; button_text_size=&#8221;14px&#8221; button_bg_color=&#8221;#026666&#8243; button_border_width=&#8221;12px&#8221; button_border_color=&#8221;#026666&#8243; button_border_radius=&#8221;0px&#8221; button_letter_spacing=&#8221;4px&#8221; button_font=&#8221;|700||on|||||&#8221; button_icon=&#8221;&#x24;||divi||400&#8243; background_layout=&#8221;dark&#8221; custom_margin=&#8221;|||&#8221; global_colors_info=&#8221;{}&#8221; button_text_size__hover_enabled=&#8221;off&#8221; button_one_text_size__hover_enabled=&#8221;off&#8221; button_two_text_size__hover_enabled=&#8221;off&#8221; button_text_color__hover_enabled=&#8221;off&#8221; button_one_text_color__hover_enabled=&#8221;off&#8221; button_two_text_color__hover_enabled=&#8221;off&#8221; button_border_width__hover_enabled=&#8221;off&#8221; button_one_border_width__hover_enabled=&#8221;off&#8221; button_two_border_width__hover_enabled=&#8221;off&#8221; button_border_color__hover_enabled=&#8221;off&#8221; button_one_border_color__hover_enabled=&#8221;off&#8221; button_two_border_color__hover_enabled=&#8221;off&#8221; button_border_radius__hover_enabled=&#8221;off&#8221; button_one_border_radius__hover_enabled=&#8221;off&#8221; button_two_border_radius__hover_enabled=&#8221;off&#8221; button_letter_spacing__hover_enabled=&#8221;off&#8221; button_one_letter_spacing__hover_enabled=&#8221;off&#8221; button_two_letter_spacing__hover_enabled=&#8221;off&#8221; button_bg_color__hover_enabled=&#8221;off&#8221; button_one_bg_color__hover_enabled=&#8221;off&#8221; button_two_bg_color__hover_enabled=&#8221;off&#8221;][\/et_pb_button][\/et_pb_column][et_pb_column type=&#8221;1_3&#8243; _builder_version=&#8221;4.16&#8243; custom_padding=&#8221;|||&#8221; global_colors_info=&#8221;{}&#8221; custom_padding__hover=&#8221;|||&#8221;][et_pb_text _builder_version=&#8221;4.20.0&#8243; text_font=&#8221;||||||||&#8221; header_font=&#8221;||||||||&#8221; header_2_font=&#8221;|700|||||||&#8221; header_2_text_color=&#8221;#333333&#8243; header_2_font_size=&#8221;32px&#8221; header_2_line_height=&#8221;1.2em&#8221; custom_margin=&#8221;|||&#8221; custom_padding=&#8221;|||&#8221; header_2_font_size_last_edited=&#8221;off|desktop&#8221; global_colors_info=&#8221;{}&#8221;]<\/p>\n<h2>Kontakta oss<\/h2>\n<p>[\/et_pb_text][et_pb_blurb title=&#8221;UJ Trading&#8221; use_icon=&#8221;on&#8221; font_icon=&#8221;&#xf1ad;||fa||400&#8243; icon_color=&#8221;#333333&#8243; icon_placement=&#8221;left&#8221; image_icon_width=&#8221;64px&#8221; content_max_width=&#8221;1100px&#8221; content_max_width_tablet=&#8221;1100px&#8221; content_max_width_last_edited=&#8221;off|desktop&#8221; _builder_version=&#8221;4.18.0&#8243; header_font=&#8221;|700|||||||&#8221; header_text_color=&#8221;#333333&#8243; body_font=&#8221;||||||||&#8221; body_text_color=&#8221;#333333&#8243; body_font_size=&#8221;15px&#8221; body_line_height=&#8221;1.2em&#8221; background_layout=&#8221;dark&#8221; custom_margin=&#8221;|||&#8221; custom_padding=&#8221;|||&#8221; animation_style=&#8221;slide&#8221; animation_direction=&#8221;right&#8221; animation_intensity_slide=&#8221;10%&#8221; animation=&#8221;off&#8221; image_max_width=&#8221;64px&#8221; global_colors_info=&#8221;{}&#8221;]<\/p>\n<p>Gransn\u00e5ret 17<br \/>711 95 Gusselby<\/p>\n<p>[\/et_pb_blurb][et_pb_blurb title=&#8221;Kontakt Info&#8221; use_icon=&#8221;on&#8221; font_icon=&#8221;&#xf2b9;||fa||400&#8243; icon_color=&#8221;#333333&#8243; icon_placement=&#8221;left&#8221; image_icon_width=&#8221;64px&#8221; content_max_width=&#8221;1100px&#8221; _builder_version=&#8221;4.20.0&#8243; header_font=&#8221;|700|||||||&#8221; header_text_color=&#8221;#333333&#8243; body_font=&#8221;||||||||&#8221; body_text_color=&#8221;#333333&#8243; body_font_size=&#8221;15px&#8221; body_line_height=&#8221;1.2em&#8221; background_layout=&#8221;dark&#8221; custom_margin=&#8221;|||&#8221; custom_padding=&#8221;|||&#8221; animation_style=&#8221;slide&#8221; animation_direction=&#8221;right&#8221; animation_intensity_slide=&#8221;10%&#8221; animation=&#8221;off&#8221; image_max_width=&#8221;64px&#8221; global_colors_info=&#8221;{}&#8221;]Telefon: +46 (0)581-502 00 Fax: +46 (0)581-503 81 E-post: uj@uj-trading.se[\/et_pb_blurb][\/et_pb_column][\/et_pb_row][\/et_pb_section][et_pb_section fb_built=&#8221;1&#8243; specialty=&#8221;on&#8221; _builder_version=&#8221;4.18.0&#8243; _module_preset=&#8221;default&#8221; use_background_color_gradient=&#8221;on&#8221; background_color_gradient_direction=&#8221;165deg&#8221; background_color_gradient_stops=&#8221;#fff6f3 0%|#fff9f7 40%|rgba(255,255,255,0) 100%&#8221; background_color_gradient_overlays_image=&#8221;on&#8221; background_image=&#8221;https:\/\/ujtrading.se\/wp-content\/uploads\/2022\/09\/about-img1.jpg&#8221; inner_max_width=&#8221;100%&#8221; top_divider_color=&#8221;#fff6f3&#8243; background_last_edited=&#8221;on|phone&#8221; use_background_color_gradient_phone=&#8221;on&#8221; background_color_gradient_stops_phone=&#8221;#fff6f3 0%|#fff9f7 40%|rgba(255,246,243,0.5) 100%&#8221; global_colors_info=&#8221;{}&#8221;][et_pb_column type=&#8221;1_2&#8243; _builder_version=&#8221;4.16&#8243; custom_padding=&#8221;|||&#8221; global_colors_info=&#8221;{}&#8221; custom_padding__hover=&#8221;|||&#8221;][et_pb_text _builder_version=&#8221;4.20.0&#8243; text_font=&#8221;||||||||&#8221; header_font=&#8221;||||||||&#8221; header_2_font=&#8221;|700|||||||&#8221; header_2_font_size=&#8221;36px&#8221; header_2_line_height=&#8221;1.2em&#8221; custom_margin=&#8221;||20px||false|false&#8221; custom_padding=&#8221;|||&#8221; header_2_font_size_last_edited=&#8221;off|desktop&#8221; locked=&#8221;off&#8221; global_colors_info=&#8221;{}&#8221;]<\/p>\n<h2>Fyllt ett tomrum i s\u00e5gverksindustrin<\/h2>\n<p>[\/et_pb_text][et_pb_blurb title=&#8221;Fylla behovet&#8221; use_icon=&#8221;on&#8221; font_icon=&#8221;&#xf1bb;||fa||900&#8243; icon_color=&#8221;#026666&#8243; icon_placement=&#8221;left&#8221; image_icon_width=&#8221;32px&#8221; content_max_width=&#8221;1100px&#8221; content_max_width_tablet=&#8221;1100px&#8221; content_max_width_last_edited=&#8221;off|desktop&#8221; _builder_version=&#8221;4.20.0&#8243; header_font=&#8221;|700|||||||&#8221; header_text_color=&#8221;#333333&#8243; header_font_size=&#8221;24px&#8221; header_line_height=&#8221;1.2em&#8221; body_font=&#8221;||||||||&#8221; body_text_color=&#8221;#333333&#8243; body_line_height=&#8221;1.8em&#8221; custom_margin=&#8221;||20px||false|false&#8221; custom_padding=&#8221;|||&#8221; animation_style=&#8221;slide&#8221; animation_direction=&#8221;right&#8221; animation_intensity_slide=&#8221;10%&#8221; animation=&#8221;off&#8221; icon_font_size=&#8221;56px&#8221; global_colors_info=&#8221;{}&#8221;]Renoverade s\u00e5gverk representerar ett f\u00f6rnuftigt och ekonomiskt alternativ till de stora investeringar j\u00e4mnf\u00f6rt med helt nya maskiner. En blandning av nya och bra begagnade maskiner visar sig ocks\u00e5 ofta vara en bra l\u00f6sning.[\/et_pb_blurb][et_pb_blurb title=&#8221;F\u00f6retr\u00e4der producenter av nya maskiner&#8221; use_icon=&#8221;on&#8221; font_icon=&#8221;&#xf1bb;||fa||900&#8243; icon_color=&#8221;#026666&#8243; icon_placement=&#8221;left&#8221; image_icon_width=&#8221;32px&#8221; content_max_width=&#8221;1100px&#8221; _builder_version=&#8221;4.20.0&#8243; header_font=&#8221;|700|||||||&#8221; header_text_color=&#8221;#333333&#8243; header_font_size=&#8221;24px&#8221; header_line_height=&#8221;1.2em&#8221; body_font=&#8221;||||||||&#8221; body_text_color=&#8221;#333333&#8243; body_line_height=&#8221;1.8em&#8221; custom_margin=&#8221;||20px||false|false&#8221; custom_padding=&#8221;|||&#8221; animation_style=&#8221;slide&#8221; animation_direction=&#8221;right&#8221; animation_intensity_slide=&#8221;10%&#8221; animation=&#8221;off&#8221; icon_font_size=&#8221;56px&#8221; global_colors_info=&#8221;{}&#8221;]Bortsett fr\u00e5n v\u00e5ra begagnade maskiner, s\u00e4ljer UJ Trading h\u00f6gkapapacitets rivare f\u00f6r m\u00e5nga olika till\u00e4mpningar. HBS barkrivare och UNTHA rivare \u00e4r bland v\u00e4rldens ledande varum\u00e4rken.[\/et_pb_blurb][et_pb_blurb title=&#8221;\u00d6ver hela v\u00e4rlden&#8221; use_icon=&#8221;on&#8221; font_icon=&#8221;&#xf1bb;||fa||900&#8243; icon_color=&#8221;#026666&#8243; icon_placement=&#8221;left&#8221; image_icon_width=&#8221;32px&#8221; content_max_width=&#8221;1100px&#8221; _builder_version=&#8221;4.20.0&#8243; header_font=&#8221;|700|||||||&#8221; header_text_color=&#8221;#333333&#8243; header_font_size=&#8221;24px&#8221; header_line_height=&#8221;1.2em&#8221; body_font=&#8221;||||||||&#8221; body_text_color=&#8221;#333333&#8243; body_line_height=&#8221;1.8em&#8221; custom_margin=&#8221;||20px||false|false&#8221; custom_padding=&#8221;|||&#8221; animation_style=&#8221;slide&#8221; animation_direction=&#8221;right&#8221; animation_intensity_slide=&#8221;10%&#8221; animation=&#8221;off&#8221; icon_font_size=&#8221;56px&#8221; global_colors_info=&#8221;{}&#8221;]Vi exporterar maskiner med h\u00f6g standard f\u00f6r s\u00e5gverksindustrin \u00f6ver hela v\u00e4rlden. I exportf\u00f6rs\u00e4ljningen anv\u00e4nder UJ Trading sig inte bara sin egen kompetens, utan ocks\u00e5 erfarenhet och kunskap fr\u00e5n Moelvenkoncernen om hur du anv\u00e4nder maskinerna och v\u00e4lja r\u00e4tt maskiner f\u00f6r varje \u00e4ndam\u00e5l.[\/et_pb_blurb][et_pb_blurb title=&#8221;Alltid begagnade maskiner i lager&#8221; use_icon=&#8221;on&#8221; font_icon=&#8221;&#xf1bb;||fa||900&#8243; icon_color=&#8221;#026666&#8243; icon_placement=&#8221;left&#8221; image_icon_width=&#8221;32px&#8221; content_max_width=&#8221;1100px&#8221; _builder_version=&#8221;4.20.0&#8243; header_font=&#8221;|700|||||||&#8221; header_text_color=&#8221;#333333&#8243; header_font_size=&#8221;24px&#8221; header_line_height=&#8221;1.2em&#8221; body_font=&#8221;||||||||&#8221; body_text_color=&#8221;#333333&#8243; body_line_height=&#8221;1.8em&#8221; custom_margin=&#8221;||20px||false|false&#8221; custom_padding=&#8221;|||&#8221; animation_style=&#8221;slide&#8221; animation_direction=&#8221;right&#8221; animation_intensity_slide=&#8221;10%&#8221; animation=&#8221;off&#8221; icon_font_size=&#8221;56px&#8221; global_colors_info=&#8221;{}&#8221;]Kontor och lager ligger i Gusselby, Sverige, cirka tv\u00e5 och en halv timme fr\u00e5n Stockholm. Lagret \u00e4r alltid fullt med begagnade s\u00e5gverksmaskiner, allt fr\u00e5n kompletta linjer till enstaka maskiner &#8211; inte bara f\u00f6r s\u00e5gverksindustrin, men ocks\u00e5 sekund\u00e4r bearbetning, dvs allt fr\u00e5n hyvelmaskiner till fingerskarvning.[\/et_pb_blurb][\/et_pb_column][et_pb_column type=&#8221;1_2&#8243; specialty_columns=&#8221;2&#8243; _builder_version=&#8221;4.16&#8243; custom_padding=&#8221;|||&#8221; global_colors_info=&#8221;{}&#8221; custom_padding__hover=&#8221;|||&#8221;][\/et_pb_column][\/et_pb_section][et_pb_section fb_built=&#8221;1&#8243; admin_label=&#8221; Get a Quote&#8221; _builder_version=&#8221;4.18.0&#8243; background_color=&#8221;#fff6f3&#8243; custom_padding=&#8221;20px|0px|20px|0px|true|false&#8221; animation_style=&#8221;slide&#8221; animation_direction=&#8221;top&#8221; animation_intensity_slide=&#8221;10%&#8221; box_shadow_style=&#8221;preset3&#8243; box_shadow_vertical=&#8221;10px&#8221; box_shadow_blur=&#8221;105px&#8221; box_shadow_spread=&#8221;0px&#8221; box_shadow_color=&#8221;rgba(0,0,0,0.12)&#8221; global_colors_info=&#8221;{}&#8221;][et_pb_row column_structure=&#8221;3_4,1_4&#8243; _builder_version=&#8221;4.18.0&#8243; background_color=&#8221;#fff6f3&#8243; width=&#8221;70%&#8221; max_width=&#8221;100%&#8221; custom_margin=&#8221;|||&#8221; global_colors_info=&#8221;{}&#8221;][et_pb_column type=&#8221;3_4&#8243; _builder_version=&#8221;4.16&#8243; custom_padding=&#8221;|||&#8221; global_colors_info=&#8221;{}&#8221; custom_padding__hover=&#8221;|||&#8221;][et_pb_text _builder_version=&#8221;4.20.0&#8243; header_font=&#8221;||||||||&#8221; header_2_font=&#8221;|700|||||||&#8221; header_2_font_size=&#8221;42px&#8221; header_2_line_height=&#8221;1.2em&#8221; header_4_font=&#8221;||||||||&#8221; header_4_font_size=&#8221;27px&#8221; header_4_line_height=&#8221;1.7em&#8221; header_2_font_size_tablet=&#8221;&#8221; header_2_font_size_phone=&#8221;36px&#8221; header_2_font_size_last_edited=&#8221;on|phone&#8221; header_4_font_size_tablet=&#8221;24px&#8221; header_4_font_size_phone=&#8221;20px&#8221; header_4_font_size_last_edited=&#8221;on|tablet&#8221; header_4_line_height_tablet=&#8221;1em&#8221; header_4_line_height_phone=&#8221;1em&#8221; header_4_line_height_last_edited=&#8221;on|phone&#8221; global_colors_info=&#8221;{}&#8221;]<\/p>\n<h4>Kontakta UJ Trading med dina specifika krav inom s\u00e5gverksutrustning.<\/h4>\n<p>[\/et_pb_text][\/et_pb_column][et_pb_column type=&#8221;1_4&#8243; _builder_version=&#8221;4.16&#8243; custom_padding=&#8221;|||&#8221; global_colors_info=&#8221;{}&#8221; custom_padding__hover=&#8221;|||&#8221;][et_pb_button button_url=&#8221;@ET-DC@eyJkeW5hbWljIjp0cnVlLCJjb250ZW50IjoicG9zdF9saW5rX3VybF9wYWdlIiwic2V0dGluZ3MiOnsicG9zdF9pZCI6IjI1NDU3IiwiZW5hYmxlX2h0bWwiOiJvZmYifX0=@&#8221; button_text=&#8221;Kontakta oss&#8221; _builder_version=&#8221;4.20.0&#8243; _dynamic_attributes=&#8221;button_url&#8221; custom_button=&#8221;on&#8221; button_text_size=&#8221;14px&#8221; button_text_color=&#8221;#0c4c51&#8243; button_border_width=&#8221;4px&#8221; button_border_radius=&#8221;0px&#8221; button_letter_spacing=&#8221;4px&#8221; button_font=&#8221;|700||on|||||&#8221; button_icon=&#8221;&#x24;||divi||400&#8243; custom_padding=&#8221;12px|30px|12px|30px|true|true&#8221; button_text_color_hover=&#8221;#ffffff&#8221; button_border_color_hover=&#8221;#ffb400&#8243; button_bg_color_hover=&#8221;#ffb400&#8243; global_colors_info=&#8221;{}&#8221; button_text_size__hover_enabled=&#8221;off&#8221; button_one_text_size__hover_enabled=&#8221;off&#8221; button_two_text_size__hover_enabled=&#8221;off&#8221; button_text_color__hover_enabled=&#8221;on|hover&#8221; button_text_color__hover=&#8221;#ffffff&#8221; button_one_text_color__hover_enabled=&#8221;off&#8221; button_two_text_color__hover_enabled=&#8221;off&#8221; button_border_width__hover_enabled=&#8221;off&#8221; button_one_border_width__hover_enabled=&#8221;off&#8221; button_two_border_width__hover_enabled=&#8221;off&#8221; button_border_color__hover_enabled=&#8221;on&#8221; button_border_color__hover=&#8221;#026666&#8243; button_one_border_color__hover_enabled=&#8221;off&#8221; button_two_border_color__hover_enabled=&#8221;off&#8221; button_border_radius__hover_enabled=&#8221;off&#8221; button_one_border_radius__hover_enabled=&#8221;off&#8221; button_two_border_radius__hover_enabled=&#8221;off&#8221; button_letter_spacing__hover_enabled=&#8221;off&#8221; button_one_letter_spacing__hover_enabled=&#8221;off&#8221; button_two_letter_spacing__hover_enabled=&#8221;off&#8221; button_bg_color__hover_enabled=&#8221;on|hover&#8221; button_bg_color__hover=&#8221;#026666&#8243; button_one_bg_color__hover_enabled=&#8221;off&#8221; button_two_bg_color__hover_enabled=&#8221;off&#8221;][\/et_pb_button][\/et_pb_column][\/et_pb_row][\/et_pb_section]<\/p>\n","protected":false},"excerpt":{"rendered":"<p>Om ossUJ Trading grundades 1983 f\u00f6r att fylla behovet av ett specialiserat f\u00f6retag att leverera begagnad s\u00e5gverksutrustning.Kontakta ossGransn\u00e5ret 17711 95 GusselbyTelefon: +46 (0)581-502 00 Fax: +46 (0)581-503 81 E-post: uj@uj-trading.seFyllt ett tomrum i s\u00e5gverksindustrinRenoverade s\u00e5gverk representerar ett f\u00f6rnuftigt och ekonomiskt alternativ till de stora investeringar j\u00e4mnf\u00f6rt med helt nya maskiner. En blandning av nya och [&hellip;]<\/p>\n","protected":false},"author":1,"featured_media":0,"parent":0,"menu_order":0,"comment_status":"closed","ping_status":"closed","template":"","meta":{"_acf_changed":false,"_et_pb_use_builder":"on","_et_pb_old_content":"","_et_gb_content_width":"","footnotes":""},"class_list":["post-38524","page","type-page","status-publish","hentry"],"acf":[],"yoast_head":"<!-- This site is optimized with the Yoast SEO plugin v27.3 - https:\/\/yoast.com\/product\/yoast-seo-wordpress\/ -->\n<title>Om oss - UJ Trading AB<\/title>\n<meta name=\"robots\" content=\"index, follow, max-snippet:-1, max-image-preview:large, max-video-preview:-1\" \/>\n<link rel=\"canonical\" href=\"https:\/\/ujtrading.se\/sv\/om-oss\/\" \/>\n<meta property=\"og:locale\" content=\"sv_SE\" \/>\n<meta property=\"og:type\" content=\"article\" \/>\n<meta property=\"og:title\" content=\"Om oss - UJ Trading AB\" \/>\n<meta property=\"og:description\" content=\"Om ossUJ Trading grundades 1983 f\u00f6r att fylla behovet av ett specialiserat f\u00f6retag att leverera begagnad s\u00e5gverksutrustning.Kontakta ossGransn\u00e5ret 17711 95 GusselbyTelefon: +46 (0)581-502 00 Fax: +46 (0)581-503 81 E-post: uj@uj-trading.seFyllt ett tomrum i s\u00e5gverksindustrinRenoverade s\u00e5gverk representerar ett f\u00f6rnuftigt och ekonomiskt alternativ till de stora investeringar j\u00e4mnf\u00f6rt med helt nya maskiner. En blandning av nya och [&hellip;]\" \/>\n<meta property=\"og:url\" content=\"https:\/\/ujtrading.se\/sv\/om-oss\/\" \/>\n<meta property=\"og:site_name\" content=\"UJ Trading AB\" \/>\n<meta property=\"article:publisher\" content=\"https:\/\/www.facebook.com\/profile.php?id=61567636317821\" \/>\n<meta property=\"article:modified_time\" content=\"2024-10-22T08:34:04+00:00\" \/>\n<meta name=\"twitter:card\" content=\"summary_large_image\" \/>\n<meta name=\"twitter:label1\" content=\"Ber\u00e4knad l\u00e4stid\" \/>\n\t<meta name=\"twitter:data1\" content=\"9 minuter\" \/>\n<script type=\"application\/ld+json\" class=\"yoast-schema-graph\">{\"@context\":\"https:\\\/\\\/schema.org\",\"@graph\":[{\"@type\":\"WebPage\",\"@id\":\"https:\\\/\\\/ujtrading.se\\\/sv\\\/om-oss\\\/\",\"url\":\"https:\\\/\\\/ujtrading.se\\\/sv\\\/om-oss\\\/\",\"name\":\"Om oss - UJ Trading AB\",\"isPartOf\":{\"@id\":\"https:\\\/\\\/ujtrading.se\\\/sv\\\/#website\"},\"datePublished\":\"2022-09-21T09:16:25+00:00\",\"dateModified\":\"2024-10-22T08:34:04+00:00\",\"breadcrumb\":{\"@id\":\"https:\\\/\\\/ujtrading.se\\\/sv\\\/om-oss\\\/#breadcrumb\"},\"inLanguage\":\"sv-SE\",\"potentialAction\":[{\"@type\":\"ReadAction\",\"target\":[\"https:\\\/\\\/ujtrading.se\\\/sv\\\/om-oss\\\/\"]}]},{\"@type\":\"BreadcrumbList\",\"@id\":\"https:\\\/\\\/ujtrading.se\\\/sv\\\/om-oss\\\/#breadcrumb\",\"itemListElement\":[{\"@type\":\"ListItem\",\"position\":1,\"name\":\"Home\",\"item\":\"https:\\\/\\\/ujtrading.se\\\/sv\\\/hem\\\/\"},{\"@type\":\"ListItem\",\"position\":2,\"name\":\"Om oss\"}]},{\"@type\":\"WebSite\",\"@id\":\"https:\\\/\\\/ujtrading.se\\\/sv\\\/#website\",\"url\":\"https:\\\/\\\/ujtrading.se\\\/sv\\\/\",\"name\":\"UJ Trading AB\",\"description\":\"Your supplier of sawmill equipment\",\"publisher\":{\"@id\":\"https:\\\/\\\/ujtrading.se\\\/sv\\\/#organization\"},\"potentialAction\":[{\"@type\":\"SearchAction\",\"target\":{\"@type\":\"EntryPoint\",\"urlTemplate\":\"https:\\\/\\\/ujtrading.se\\\/sv\\\/?s={search_term_string}\"},\"query-input\":{\"@type\":\"PropertyValueSpecification\",\"valueRequired\":true,\"valueName\":\"search_term_string\"}}],\"inLanguage\":\"sv-SE\"},{\"@type\":\"Organization\",\"@id\":\"https:\\\/\\\/ujtrading.se\\\/sv\\\/#organization\",\"name\":\"UJ Trading AB\",\"url\":\"https:\\\/\\\/ujtrading.se\\\/sv\\\/\",\"logo\":{\"@type\":\"ImageObject\",\"inLanguage\":\"sv-SE\",\"@id\":\"https:\\\/\\\/ujtrading.se\\\/sv\\\/#\\\/schema\\\/logo\\\/image\\\/\",\"url\":\"https:\\\/\\\/ujtrading.se\\\/wp-content\\\/uploads\\\/2022\\\/10\\\/logo-dark.png\",\"contentUrl\":\"https:\\\/\\\/ujtrading.se\\\/wp-content\\\/uploads\\\/2022\\\/10\\\/logo-dark.png\",\"width\":1920,\"height\":480,\"caption\":\"UJ Trading AB\"},\"image\":{\"@id\":\"https:\\\/\\\/ujtrading.se\\\/sv\\\/#\\\/schema\\\/logo\\\/image\\\/\"},\"sameAs\":[\"https:\\\/\\\/www.facebook.com\\\/profile.php?id=61567636317821\"]}]}<\/script>\n<!-- \/ Yoast SEO plugin. -->","yoast_head_json":{"title":"Om oss - UJ Trading AB","robots":{"index":"index","follow":"follow","max-snippet":"max-snippet:-1","max-image-preview":"max-image-preview:large","max-video-preview":"max-video-preview:-1"},"canonical":"https:\/\/ujtrading.se\/sv\/om-oss\/","og_locale":"sv_SE","og_type":"article","og_title":"Om oss - UJ Trading AB","og_description":"Om ossUJ Trading grundades 1983 f\u00f6r att fylla behovet av ett specialiserat f\u00f6retag att leverera begagnad s\u00e5gverksutrustning.Kontakta ossGransn\u00e5ret 17711 95 GusselbyTelefon: +46 (0)581-502 00 Fax: +46 (0)581-503 81 E-post: uj@uj-trading.seFyllt ett tomrum i s\u00e5gverksindustrinRenoverade s\u00e5gverk representerar ett f\u00f6rnuftigt och ekonomiskt alternativ till de stora investeringar j\u00e4mnf\u00f6rt med helt nya maskiner. En blandning av nya och [&hellip;]","og_url":"https:\/\/ujtrading.se\/sv\/om-oss\/","og_site_name":"UJ Trading AB","article_publisher":"https:\/\/www.facebook.com\/profile.php?id=61567636317821","article_modified_time":"2024-10-22T08:34:04+00:00","twitter_card":"summary_large_image","twitter_misc":{"Ber\u00e4knad l\u00e4stid":"9 minuter"},"schema":{"@context":"https:\/\/schema.org","@graph":[{"@type":"WebPage","@id":"https:\/\/ujtrading.se\/sv\/om-oss\/","url":"https:\/\/ujtrading.se\/sv\/om-oss\/","name":"Om oss - UJ Trading AB","isPartOf":{"@id":"https:\/\/ujtrading.se\/sv\/#website"},"datePublished":"2022-09-21T09:16:25+00:00","dateModified":"2024-10-22T08:34:04+00:00","breadcrumb":{"@id":"https:\/\/ujtrading.se\/sv\/om-oss\/#breadcrumb"},"inLanguage":"sv-SE","potentialAction":[{"@type":"ReadAction","target":["https:\/\/ujtrading.se\/sv\/om-oss\/"]}]},{"@type":"BreadcrumbList","@id":"https:\/\/ujtrading.se\/sv\/om-oss\/#breadcrumb","itemListElement":[{"@type":"ListItem","position":1,"name":"Home","item":"https:\/\/ujtrading.se\/sv\/hem\/"},{"@type":"ListItem","position":2,"name":"Om oss"}]},{"@type":"WebSite","@id":"https:\/\/ujtrading.se\/sv\/#website","url":"https:\/\/ujtrading.se\/sv\/","name":"UJ Trading AB","description":"Your supplier of sawmill equipment","publisher":{"@id":"https:\/\/ujtrading.se\/sv\/#organization"},"potentialAction":[{"@type":"SearchAction","target":{"@type":"EntryPoint","urlTemplate":"https:\/\/ujtrading.se\/sv\/?s={search_term_string}"},"query-input":{"@type":"PropertyValueSpecification","valueRequired":true,"valueName":"search_term_string"}}],"inLanguage":"sv-SE"},{"@type":"Organization","@id":"https:\/\/ujtrading.se\/sv\/#organization","name":"UJ Trading AB","url":"https:\/\/ujtrading.se\/sv\/","logo":{"@type":"ImageObject","inLanguage":"sv-SE","@id":"https:\/\/ujtrading.se\/sv\/#\/schema\/logo\/image\/","url":"https:\/\/ujtrading.se\/wp-content\/uploads\/2022\/10\/logo-dark.png","contentUrl":"https:\/\/ujtrading.se\/wp-content\/uploads\/2022\/10\/logo-dark.png","width":1920,"height":480,"caption":"UJ Trading AB"},"image":{"@id":"https:\/\/ujtrading.se\/sv\/#\/schema\/logo\/image\/"},"sameAs":["https:\/\/www.facebook.com\/profile.php?id=61567636317821"]}]}},"_links":{"self":[{"href":"https:\/\/ujtrading.se\/sv\/wp-json\/wp\/v2\/pages\/38524","targetHints":{"allow":["GET"]}}],"collection":[{"href":"https:\/\/ujtrading.se\/sv\/wp-json\/wp\/v2\/pages"}],"about":[{"href":"https:\/\/ujtrading.se\/sv\/wp-json\/wp\/v2\/types\/page"}],"author":[{"embeddable":true,"href":"https:\/\/ujtrading.se\/sv\/wp-json\/wp\/v2\/users\/1"}],"replies":[{"embeddable":true,"href":"https:\/\/ujtrading.se\/sv\/wp-json\/wp\/v2\/comments?post=38524"}],"version-history":[{"count":5,"href":"https:\/\/ujtrading.se\/sv\/wp-json\/wp\/v2\/pages\/38524\/revisions"}],"predecessor-version":[{"id":39046,"href":"https:\/\/ujtrading.se\/sv\/wp-json\/wp\/v2\/pages\/38524\/revisions\/39046"}],"wp:attachment":[{"href":"https:\/\/ujtrading.se\/sv\/wp-json\/wp\/v2\/media?parent=38524"}],"curies":[{"name":"wp","href":"https:\/\/api.w.org\/{rel}","templated":true}]}}