{"id":38527,"date":"2022-09-21T13:43:06","date_gmt":"2022-09-21T11:43:06","guid":{"rendered":"https:\/\/develop.visionmedia.nu\/ujtrading\/kontakt\/"},"modified":"2024-10-23T08:42:29","modified_gmt":"2024-10-23T06:42:29","slug":"kontakt","status":"publish","type":"page","link":"https:\/\/ujtrading.se\/sv\/kontakt\/","title":{"rendered":"Kontakt"},"content":{"rendered":"<p>[et_pb_section fb_built=&#8221;1&#8243; admin_label=&#8221;Hero&#8221; _builder_version=&#8221;4.18.0&#8243; use_background_color_gradient=&#8221;on&#8221; background_color_gradient_type=&#8221;circular&#8221; background_color_gradient_direction_radial=&#8221;top left&#8221; background_color_gradient_stops=&#8221;rgba(0,0,0,0.4) 0%|rgba(0,0,0,0.4) 100%&#8221; background_color_gradient_overlays_image=&#8221;on&#8221; background_color_gradient_start=&#8221;rgba(40,40,40,0.79)&#8221; background_color_gradient_end=&#8221;rgba(40,40,40,0.86)&#8221; background_image=&#8221;https:\/\/ujtrading.se\/wp-content\/uploads\/2022\/09\/subheader-contact.jpg&#8221; background_position=&#8221;top_center&#8221; custom_padding=&#8221;0px||0px||true|false&#8221; global_colors_info=&#8221;{}&#8221;][et_pb_row column_structure=&#8221;2_3,1_3&#8243; use_custom_gutter=&#8221;on&#8221; make_equal=&#8221;on&#8221; padding_top_bottom_link_1=&#8221;true&#8221; padding_top_bottom_link_2=&#8221;true&#8221; padding_left_right_link_1=&#8221;true&#8221; padding_left_right_link_2=&#8221;true&#8221; background_color_gradient_type_1=&#8221;circular&#8221; _builder_version=&#8221;4.18.0&#8243; width=&#8221;100%&#8221; max_width=&#8221;100%&#8221; custom_padding=&#8221;0px||0px||true&#8221; use_custom_width=&#8221;on&#8221; width_unit=&#8221;off&#8221; custom_width_percent=&#8221;100%&#8221; global_colors_info=&#8221;{}&#8221;][et_pb_column type=&#8221;2_3&#8243; _builder_version=&#8221;4.16&#8243; background_color_gradient_start=&#8221;rgba(40,40,40,0.79)&#8221; background_color_gradient_end=&#8221;rgba(40,40,40,0.86)&#8221; custom_padding=&#8221;10vw|6vw|10vw|6vw&#8221; custom_padding_tablet=&#8221;10vw|10%|10vw|10%|true|true&#8221; custom_padding_phone=&#8221;10vw|10%|10vw|10%|true|true&#8221; custom_padding_last_edited=&#8221;on|desktop&#8221; global_colors_info=&#8221;{}&#8221; padding_tablet=&#8221;10vw|10%|10vw|10%|true|true&#8221; padding_last_edited=&#8221;on|desktop&#8221; custom_padding__hover=&#8221;|||&#8221; padding_phone=&#8221;10vw|10%|10vw|10%|true|true&#8221;][et_pb_text _builder_version=&#8221;4.20.0&#8243; text_font=&#8221;||||||||&#8221; header_font=&#8221;Rubik|700|||||||&#8221; header_font_size=&#8221;64px&#8221; header_line_height=&#8221;1.1em&#8221; background_layout=&#8221;dark&#8221; max_width=&#8221;800px&#8221; custom_margin=&#8221;||0px|&#8221; custom_padding=&#8221;|||16px&#8221; text_font_size_tablet=&#8221;14px&#8221; text_font_size_last_edited=&#8221;off|desktop&#8221; header_font_size_tablet=&#8221;44px&#8221; header_font_size_phone=&#8221;32px&#8221; header_font_size_last_edited=&#8221;on|phone&#8221; border_color_all=&#8221;#026666&#8243; border_width_left=&#8221;10px&#8221; global_colors_info=&#8221;{}&#8221;]<\/p>\n<h1>Kontakta oss<\/h1>\n<p>[\/et_pb_text][et_pb_text _builder_version=&#8221;4.20.0&#8243; text_font=&#8221;||||||||&#8221; text_font_size=&#8221;22px&#8221; text_line_height=&#8221;1.6em&#8221; header_font=&#8221;||||||||&#8221; background_layout=&#8221;dark&#8221; max_width=&#8221;800px&#8221; custom_margin=&#8221;|||&#8221; custom_padding=&#8221;20px||20px||true&#8221; text_font_size_tablet=&#8221;18px&#8221; text_font_size_phone=&#8221;&#8221; text_font_size_last_edited=&#8221;on|phone&#8221; global_colors_info=&#8221;{}&#8221;]Tveka inte att kontakta oss om du har n\u00e5gra fr\u00e5gor om oss eller v\u00e5r s\u00e5gverk utrustning.[\/et_pb_text][\/et_pb_column][et_pb_column type=&#8221;1_3&#8243; _builder_version=&#8221;4.18.0&#8243; background_color=&#8221;#0c4c51&#8243; custom_padding=&#8221;80px|40px|80px|40px&#8221; custom_padding_tablet=&#8221;|10%||10%||true&#8221; custom_padding_phone=&#8221;40px|5%|40px|5%|true|true&#8221; custom_padding_last_edited=&#8221;on|phone&#8221; global_colors_info=&#8221;{}&#8221; padding_tablet=&#8221;|10%||10%||true&#8221; padding_last_edited=&#8221;on|desktop&#8221; custom_padding__hover=&#8221;|||&#8221; padding_phone=&#8221;|10%||10%||true&#8221;][et_pb_text _builder_version=&#8221;4.20.0&#8243; header_font=&#8221;||||||||&#8221; header_2_font=&#8221;|700|||||||&#8221; header_2_text_color=&#8221;#FFFFFF&#8221; header_2_font_size=&#8221;32px&#8221; header_2_line_height=&#8221;1.2em&#8221; custom_margin=&#8221;|||&#8221; custom_padding=&#8221;|||&#8221; header_2_font_size_last_edited=&#8221;off|desktop&#8221; global_colors_info=&#8221;{}&#8221;]<\/p>\n<h2>Kontakt uppgifter<\/h2>\n<p>[\/et_pb_text][et_pb_blurb title=&#8221;Adress&#8221; use_icon=&#8221;on&#8221; font_icon=&#8221;&#xe01d;||divi||400&#8243; icon_color=&#8221;#ffffff&#8221; icon_placement=&#8221;left&#8221; image_icon_width=&#8221;56px&#8221; content_max_width=&#8221;1100px&#8221; content_max_width_tablet=&#8221;1100px&#8221; content_max_width_last_edited=&#8221;off|desktop&#8221; _builder_version=&#8221;4.20.0&#8243; header_font=&#8221;|700|||||||&#8221; header_text_color=&#8221;#FFFFFF&#8221; header_font_size=&#8221;22px&#8221; header_line_height=&#8221;1.4em&#8221; body_font=&#8221;||||||||&#8221; background_layout=&#8221;dark&#8221; custom_margin=&#8221;|||&#8221; custom_padding=&#8221;|||&#8221; animation_style=&#8221;slide&#8221; animation_direction=&#8221;right&#8221; animation_intensity_slide=&#8221;10%&#8221; animation=&#8221;off&#8221; icon_font_size=&#8221;56px&#8221; global_colors_info=&#8221;{}&#8221;]Gransn\u00e5ret 17, 711 95 Gusselby<br \/>\nSverige[\/et_pb_blurb][et_pb_blurb title=&#8221;Telefon \/ Fax&#8221; use_icon=&#8221;on&#8221; font_icon=&#8221;&#xe090;||divi||400&#8243; icon_color=&#8221;#ffffff&#8221; icon_placement=&#8221;left&#8221; image_icon_width=&#8221;56px&#8221; content_max_width=&#8221;1100px&#8221; _builder_version=&#8221;4.20.0&#8243; header_font=&#8221;|700|||||||&#8221; header_text_color=&#8221;#FFFFFF&#8221; header_font_size=&#8221;22px&#8221; header_line_height=&#8221;1.4em&#8221; body_font=&#8221;||||||||&#8221; background_layout=&#8221;dark&#8221; custom_margin=&#8221;|||&#8221; custom_padding=&#8221;|||&#8221; animation_style=&#8221;slide&#8221; animation_direction=&#8221;right&#8221; animation_intensity_slide=&#8221;10%&#8221; animation=&#8221;off&#8221; icon_font_size=&#8221;56px&#8221; global_colors_info=&#8221;{}&#8221;]Telefon: +46 (0)581-502 00<br \/>\nFax: +46 (0)581-503 81[\/et_pb_blurb][et_pb_blurb title=&#8221;E-post&#8221; use_icon=&#8221;on&#8221; font_icon=&#8221;&#x76;||divi||400&#8243; icon_color=&#8221;#ffffff&#8221; icon_placement=&#8221;left&#8221; image_icon_width=&#8221;56px&#8221; content_max_width=&#8221;1100px&#8221; _builder_version=&#8221;4.20.0&#8243; header_font=&#8221;|700|||||||&#8221; header_text_color=&#8221;#FFFFFF&#8221; header_font_size=&#8221;22px&#8221; header_line_height=&#8221;1.4em&#8221; body_font=&#8221;||||||||&#8221; background_layout=&#8221;dark&#8221; custom_margin=&#8221;|||&#8221; custom_padding=&#8221;|||&#8221; animation_style=&#8221;slide&#8221; animation_direction=&#8221;right&#8221; animation_intensity_slide=&#8221;10%&#8221; animation=&#8221;off&#8221; icon_font_size=&#8221;56px&#8221; global_colors_info=&#8221;{}&#8221;]E-post: uj@uj-trading.se<br \/>\nFakturaadress: invoice@uj-trading.se[\/et_pb_blurb][et_pb_social_media_follow _builder_version=&#8221;4.18.0&#8243; text_orientation=&#8221;left&#8221; custom_padding=&#8221;|||&#8221; locked=&#8221;off&#8221; global_colors_info=&#8221;{}&#8221;][et_pb_social_media_follow_network social_network=&#8221;facebook&#8221; _builder_version=&#8221;4.18.0&#8243; custom_padding=&#8221;|10px||10px||true&#8221; global_colors_info=&#8221;{}&#8221; follow_button=&#8221;off&#8221; url_new_window=&#8221;on&#8221;]facebook[\/et_pb_social_media_follow_network][et_pb_social_media_follow_network social_network=&#8221;instagram&#8221; _builder_version=&#8221;4.18.0&#8243; background_color=&#8221;RGBA(255,255,255,0)&#8221; background_enable_color=&#8221;on&#8221; custom_padding=&#8221;|10px||10px||true&#8221; global_colors_info=&#8221;{}&#8221; follow_button=&#8221;off&#8221; url_new_window=&#8221;on&#8221;]instagram[\/et_pb_social_media_follow_network][\/et_pb_social_media_follow][\/et_pb_column][\/et_pb_row][\/et_pb_section][et_pb_section fb_built=&#8221;1&#8243; admin_label=&#8221;FAQ&#8221; _builder_version=&#8221;4.18.0&#8243; background_color=&#8221;#fff6f3&#8243; custom_padding=&#8221;4px|||||&#8221; global_colors_info=&#8221;{}&#8221;][et_pb_row custom_padding_last_edited=&#8221;on|tablet&#8221; _builder_version=&#8221;4.18.0&#8243; width=&#8221;60%&#8221; width_tablet=&#8221;80%&#8221; width_phone=&#8221;80%&#8221; width_last_edited=&#8221;on|tablet&#8221; max_width=&#8221;100%&#8221; custom_padding_tablet=&#8221;||0px||false|false&#8221; custom_padding_phone=&#8221;||0px||false|false&#8221; global_colors_info=&#8221;{}&#8221;][et_pb_column type=&#8221;4_4&#8243; _builder_version=&#8221;4.16&#8243; custom_padding=&#8221;|||&#8221; global_colors_info=&#8221;{}&#8221; custom_padding__hover=&#8221;|||&#8221;][et_pb_text _builder_version=&#8221;4.20.0&#8243; text_font=&#8221;||||||||&#8221; header_font=&#8221;||||||||&#8221; header_2_font=&#8221;Rubik|700|||||||&#8221; header_2_font_size=&#8221;42px&#8221; header_2_line_height=&#8221;1.2em&#8221; custom_margin=&#8221;||0px||false|false&#8221; custom_padding=&#8221;|||&#8221; header_2_font_size_tablet=&#8221;&#8221; header_2_font_size_phone=&#8221;36px&#8221; header_2_font_size_last_edited=&#8221;on|phone&#8221; locked=&#8221;off&#8221; global_colors_info=&#8221;{}&#8221;]<\/p>\n<h2>Personal<\/h2>\n<p>[\/et_pb_text][et_pb_divider color=&#8221;#0c4c51&#8243; divider_position=&#8221;center&#8221; divider_weight=&#8221;5px&#8221; _builder_version=&#8221;4.18.0&#8243; max_width=&#8221;50px&#8221; locked=&#8221;off&#8221; global_colors_info=&#8221;{}&#8221;][\/et_pb_divider][\/et_pb_column][\/et_pb_row][et_pb_row column_structure=&#8221;1_4,1_4,1_4,1_4&#8243; _builder_version=&#8221;4.18.0&#8243; max_width=&#8221;100%&#8221; global_colors_info=&#8221;{}&#8221;][et_pb_column type=&#8221;1_4&#8243; _builder_version=&#8221;4.16&#8243; custom_padding=&#8221;|||&#8221; global_colors_info=&#8221;{}&#8221; custom_padding__hover=&#8221;|||&#8221;][et_pb_text _builder_version=&#8221;4.20.0&#8243; _module_preset=&#8221;default&#8221; link_font=&#8221;|600|||||||&#8221; link_text_color=&#8221;#0c373d&#8221; global_colors_info=&#8221;{}&#8221; link_text_color__hover_enabled=&#8221;on|hover&#8221; link_text_color__hover=&#8221;#026666&#8243;]<\/p>\n<h3>Jonas Larsson<br \/>\n<span style=\"color: #026666;\">VD<\/span><\/h3>\n<p>Telefon: +46 (0)581-502 05<br \/>\nMobil: +46 (0)70-224 22 68<br \/>\nE-mail: <a href=\"mailto:jonas.larsson@uj-trading.se\">jonas.larsson@uj-trading.se<\/a>[\/et_pb_text][\/et_pb_column][et_pb_column type=&#8221;1_4&#8243; _builder_version=&#8221;4.16&#8243; custom_padding=&#8221;|||&#8221; global_colors_info=&#8221;{}&#8221; custom_padding__hover=&#8221;|||&#8221;][et_pb_text _builder_version=&#8221;4.27.2&#8243; _module_preset=&#8221;default&#8221; link_font=&#8221;|600|||||||&#8221; link_text_color=&#8221;#0c373d&#8221; hover_enabled=&#8221;0&#8243; global_colors_info=&#8221;{}&#8221; link_text_color__hover_enabled=&#8221;on|hover&#8221; link_text_color__hover=&#8221;#026666&#8243; sticky_enabled=&#8221;0&#8243;]<\/p>\n<h3>Tekle Weldeyohannes<br \/><span style=\"color: #026666;\">Finans<\/span><\/h3>\n<p>Telefon: +46 (0)581-502 00<br \/>Direkt: +46 (0)702272955<br \/>E-mail: <a href=\"mailto:uj@uj-trading.se\">uj@uj-trading.se<\/a><\/p>\n<p>[\/et_pb_text][\/et_pb_column][et_pb_column type=&#8221;1_4&#8243; _builder_version=&#8221;4.16&#8243; custom_padding=&#8221;|||&#8221; global_colors_info=&#8221;{}&#8221; custom_padding__hover=&#8221;|||&#8221;][et_pb_text _builder_version=&#8221;4.20.0&#8243; _module_preset=&#8221;default&#8221; link_font=&#8221;|600|||||||&#8221; link_text_color=&#8221;#0c373d&#8221; global_colors_info=&#8221;{}&#8221; link_text_color__hover_enabled=&#8221;on|hover&#8221; link_text_color__hover=&#8221;#026666&#8243;]<\/p>\n<h3>Mikael Loman<br \/>\n<span style=\"color: #026666;\">S\u00e4lj<\/span><\/h3>\n<p>Telefon: +46 (0)248-423 43<br \/>\nMobil: +46 (0)706-73 09 48<br \/>\nE-mail: <a href=\"mailto:mikael.loman@uj-trading.se\">mikael.loman@uj-trading.se<\/a>[\/et_pb_text][\/et_pb_column][et_pb_column type=&#8221;1_4&#8243; _builder_version=&#8221;4.16&#8243; custom_padding=&#8221;|||&#8221; global_colors_info=&#8221;{}&#8221; custom_padding__hover=&#8221;|||&#8221;][et_pb_text _builder_version=&#8221;4.20.0&#8243; _module_preset=&#8221;default&#8221; link_font=&#8221;|600|||||||&#8221; link_text_color=&#8221;#0c373d&#8221; global_colors_info=&#8221;{}&#8221; link_text_color__hover_enabled=&#8221;on|hover&#8221; link_text_color__hover=&#8221;#026666&#8243;]<\/p>\n<h3>Micael Persson<br \/>\n<span style=\"color: #026666;\">S\u00e4lj<\/span><\/h3>\n<p>Telefon: +46 (0)581-502 04<br \/>\nMobil: +46 (0)705-37 76 53<br \/>\nE-mail: <a href=\"mailto:micael.persson@uj-trading.se\">micael.persson@uj-trading.se<\/a>[\/et_pb_text][\/et_pb_column][\/et_pb_row][\/et_pb_section][et_pb_section fb_built=&#8221;1&#8243; fullwidth=&#8221;on&#8221; admin_label=&#8221;Map Section&#8221; _builder_version=&#8221;4.16&#8243; global_colors_info=&#8221;{}&#8221;][et_pb_fullwidth_map address=&#8221;Gransn\u00e5ret 17, 711 95 Gusselby, Sverige&#8221; zoom_level=&#8221;12&#8243; address_lat=&#8221;59.6399732&#8243; address_lng=&#8221;15.2167593&#8243; mouse_wheel=&#8221;off&#8221; _builder_version=&#8221;4.18.0&#8243; filter_saturate=&#8221;10%&#8221; global_colors_info=&#8221;{}&#8221;][et_pb_map_pin pin_address=&#8221;Gransn\u00e5ret 17, 711 95 Gusselby, Sverige&#8221; pin_address_lat=&#8221;59.6399732&#8243; pin_address_lng=&#8221;15.2167593&#8243; _builder_version=&#8221;4.18.0&#8243; global_colors_info=&#8221;{}&#8221;][\/et_pb_map_pin][\/et_pb_fullwidth_map][\/et_pb_section]<\/p>\n","protected":false},"excerpt":{"rendered":"<p>Kontakta ossTveka inte att kontakta oss om du har n\u00e5gra fr\u00e5gor om oss eller v\u00e5r s\u00e5gverk utrustning.Kontakt uppgifterGransn\u00e5ret 17, 711 95 Gusselby SverigeTelefon: +46 (0)581-502 00 Fax: +46 (0)581-503 81E-post: uj@uj-trading.se Fakturaadress: invoice@uj-trading.sePersonalJonas Larsson VD Telefon: +46 (0)581-502 05 Mobil: +46 (0)70-224 22 68 E-mail: jonas.larsson@uj-trading.seTekle WeldeyohannesFinans Telefon: +46 (0)581-502 00Direkt: +46 (0)702272955E-mail: uj@uj-trading.seMikael Loman [&hellip;]<\/p>\n","protected":false},"author":1,"featured_media":0,"parent":0,"menu_order":0,"comment_status":"closed","ping_status":"closed","template":"","meta":{"_acf_changed":false,"_et_pb_use_builder":"on","_et_pb_old_content":"","_et_gb_content_width":"","footnotes":""},"class_list":["post-38527","page","type-page","status-publish","hentry"],"acf":[],"yoast_head":"<!-- This site is optimized with the Yoast SEO plugin v27.4 - https:\/\/yoast.com\/product\/yoast-seo-wordpress\/ -->\n<title>Kontakt - UJ Trading AB<\/title>\n<meta name=\"robots\" content=\"index, follow, max-snippet:-1, max-image-preview:large, max-video-preview:-1\" \/>\n<link rel=\"canonical\" href=\"https:\/\/ujtrading.se\/sv\/kontakt\/\" \/>\n<meta property=\"og:locale\" content=\"sv_SE\" \/>\n<meta property=\"og:type\" content=\"article\" \/>\n<meta property=\"og:title\" content=\"Kontakt - UJ Trading AB\" \/>\n<meta property=\"og:description\" content=\"Kontakta ossTveka inte att kontakta oss om du har n\u00e5gra fr\u00e5gor om oss eller v\u00e5r s\u00e5gverk utrustning.Kontakt uppgifterGransn\u00e5ret 17, 711 95 Gusselby SverigeTelefon: +46 (0)581-502 00 Fax: +46 (0)581-503 81E-post: uj@uj-trading.se Fakturaadress: invoice@uj-trading.sePersonalJonas Larsson VD Telefon: +46 (0)581-502 05 Mobil: +46 (0)70-224 22 68 E-mail: jonas.larsson@uj-trading.seTekle WeldeyohannesFinans Telefon: +46 (0)581-502 00Direkt: +46 (0)702272955E-mail: uj@uj-trading.seMikael Loman [&hellip;]\" \/>\n<meta property=\"og:url\" content=\"https:\/\/ujtrading.se\/sv\/kontakt\/\" \/>\n<meta property=\"og:site_name\" content=\"UJ Trading AB\" \/>\n<meta property=\"article:publisher\" content=\"https:\/\/www.facebook.com\/profile.php?id=61567636317821\" \/>\n<meta property=\"article:modified_time\" content=\"2024-10-23T06:42:29+00:00\" \/>\n<meta name=\"twitter:card\" content=\"summary_large_image\" \/>\n<meta name=\"twitter:label1\" content=\"Ber\u00e4knad l\u00e4stid\" \/>\n\t<meta name=\"twitter:data1\" content=\"1 minut\" \/>\n<script type=\"application\/ld+json\" class=\"yoast-schema-graph\">{\"@context\":\"https:\\\/\\\/schema.org\",\"@graph\":[{\"@type\":\"WebPage\",\"@id\":\"https:\\\/\\\/ujtrading.se\\\/sv\\\/kontakt\\\/\",\"url\":\"https:\\\/\\\/ujtrading.se\\\/sv\\\/kontakt\\\/\",\"name\":\"Kontakt - UJ Trading AB\",\"isPartOf\":{\"@id\":\"https:\\\/\\\/ujtrading.se\\\/sv\\\/#website\"},\"datePublished\":\"2022-09-21T11:43:06+00:00\",\"dateModified\":\"2024-10-23T06:42:29+00:00\",\"breadcrumb\":{\"@id\":\"https:\\\/\\\/ujtrading.se\\\/sv\\\/kontakt\\\/#breadcrumb\"},\"inLanguage\":\"sv-SE\",\"potentialAction\":[{\"@type\":\"ReadAction\",\"target\":[\"https:\\\/\\\/ujtrading.se\\\/sv\\\/kontakt\\\/\"]}]},{\"@type\":\"BreadcrumbList\",\"@id\":\"https:\\\/\\\/ujtrading.se\\\/sv\\\/kontakt\\\/#breadcrumb\",\"itemListElement\":[{\"@type\":\"ListItem\",\"position\":1,\"name\":\"Home\",\"item\":\"https:\\\/\\\/ujtrading.se\\\/sv\\\/hem\\\/\"},{\"@type\":\"ListItem\",\"position\":2,\"name\":\"Kontakt\"}]},{\"@type\":\"WebSite\",\"@id\":\"https:\\\/\\\/ujtrading.se\\\/sv\\\/#website\",\"url\":\"https:\\\/\\\/ujtrading.se\\\/sv\\\/\",\"name\":\"UJ Trading AB\",\"description\":\"Your supplier of sawmill equipment\",\"publisher\":{\"@id\":\"https:\\\/\\\/ujtrading.se\\\/sv\\\/#organization\"},\"potentialAction\":[{\"@type\":\"SearchAction\",\"target\":{\"@type\":\"EntryPoint\",\"urlTemplate\":\"https:\\\/\\\/ujtrading.se\\\/sv\\\/?s={search_term_string}\"},\"query-input\":{\"@type\":\"PropertyValueSpecification\",\"valueRequired\":true,\"valueName\":\"search_term_string\"}}],\"inLanguage\":\"sv-SE\"},{\"@type\":\"Organization\",\"@id\":\"https:\\\/\\\/ujtrading.se\\\/sv\\\/#organization\",\"name\":\"UJ Trading AB\",\"url\":\"https:\\\/\\\/ujtrading.se\\\/sv\\\/\",\"logo\":{\"@type\":\"ImageObject\",\"inLanguage\":\"sv-SE\",\"@id\":\"https:\\\/\\\/ujtrading.se\\\/sv\\\/#\\\/schema\\\/logo\\\/image\\\/\",\"url\":\"https:\\\/\\\/ujtrading.se\\\/wp-content\\\/uploads\\\/2022\\\/10\\\/logo-dark.png\",\"contentUrl\":\"https:\\\/\\\/ujtrading.se\\\/wp-content\\\/uploads\\\/2022\\\/10\\\/logo-dark.png\",\"width\":1920,\"height\":480,\"caption\":\"UJ Trading AB\"},\"image\":{\"@id\":\"https:\\\/\\\/ujtrading.se\\\/sv\\\/#\\\/schema\\\/logo\\\/image\\\/\"},\"sameAs\":[\"https:\\\/\\\/www.facebook.com\\\/profile.php?id=61567636317821\"]}]}<\/script>\n<!-- \/ Yoast SEO plugin. -->","yoast_head_json":{"title":"Kontakt - UJ Trading AB","robots":{"index":"index","follow":"follow","max-snippet":"max-snippet:-1","max-image-preview":"max-image-preview:large","max-video-preview":"max-video-preview:-1"},"canonical":"https:\/\/ujtrading.se\/sv\/kontakt\/","og_locale":"sv_SE","og_type":"article","og_title":"Kontakt - UJ Trading AB","og_description":"Kontakta ossTveka inte att kontakta oss om du har n\u00e5gra fr\u00e5gor om oss eller v\u00e5r s\u00e5gverk utrustning.Kontakt uppgifterGransn\u00e5ret 17, 711 95 Gusselby SverigeTelefon: +46 (0)581-502 00 Fax: +46 (0)581-503 81E-post: uj@uj-trading.se Fakturaadress: invoice@uj-trading.sePersonalJonas Larsson VD Telefon: +46 (0)581-502 05 Mobil: +46 (0)70-224 22 68 E-mail: jonas.larsson@uj-trading.seTekle WeldeyohannesFinans Telefon: +46 (0)581-502 00Direkt: +46 (0)702272955E-mail: uj@uj-trading.seMikael Loman [&hellip;]","og_url":"https:\/\/ujtrading.se\/sv\/kontakt\/","og_site_name":"UJ Trading AB","article_publisher":"https:\/\/www.facebook.com\/profile.php?id=61567636317821","article_modified_time":"2024-10-23T06:42:29+00:00","twitter_card":"summary_large_image","twitter_misc":{"Ber\u00e4knad l\u00e4stid":"1 minut"},"schema":{"@context":"https:\/\/schema.org","@graph":[{"@type":"WebPage","@id":"https:\/\/ujtrading.se\/sv\/kontakt\/","url":"https:\/\/ujtrading.se\/sv\/kontakt\/","name":"Kontakt - UJ Trading AB","isPartOf":{"@id":"https:\/\/ujtrading.se\/sv\/#website"},"datePublished":"2022-09-21T11:43:06+00:00","dateModified":"2024-10-23T06:42:29+00:00","breadcrumb":{"@id":"https:\/\/ujtrading.se\/sv\/kontakt\/#breadcrumb"},"inLanguage":"sv-SE","potentialAction":[{"@type":"ReadAction","target":["https:\/\/ujtrading.se\/sv\/kontakt\/"]}]},{"@type":"BreadcrumbList","@id":"https:\/\/ujtrading.se\/sv\/kontakt\/#breadcrumb","itemListElement":[{"@type":"ListItem","position":1,"name":"Home","item":"https:\/\/ujtrading.se\/sv\/hem\/"},{"@type":"ListItem","position":2,"name":"Kontakt"}]},{"@type":"WebSite","@id":"https:\/\/ujtrading.se\/sv\/#website","url":"https:\/\/ujtrading.se\/sv\/","name":"UJ Trading AB","description":"Your supplier of sawmill equipment","publisher":{"@id":"https:\/\/ujtrading.se\/sv\/#organization"},"potentialAction":[{"@type":"SearchAction","target":{"@type":"EntryPoint","urlTemplate":"https:\/\/ujtrading.se\/sv\/?s={search_term_string}"},"query-input":{"@type":"PropertyValueSpecification","valueRequired":true,"valueName":"search_term_string"}}],"inLanguage":"sv-SE"},{"@type":"Organization","@id":"https:\/\/ujtrading.se\/sv\/#organization","name":"UJ Trading AB","url":"https:\/\/ujtrading.se\/sv\/","logo":{"@type":"ImageObject","inLanguage":"sv-SE","@id":"https:\/\/ujtrading.se\/sv\/#\/schema\/logo\/image\/","url":"https:\/\/ujtrading.se\/wp-content\/uploads\/2022\/10\/logo-dark.png","contentUrl":"https:\/\/ujtrading.se\/wp-content\/uploads\/2022\/10\/logo-dark.png","width":1920,"height":480,"caption":"UJ Trading AB"},"image":{"@id":"https:\/\/ujtrading.se\/sv\/#\/schema\/logo\/image\/"},"sameAs":["https:\/\/www.facebook.com\/profile.php?id=61567636317821"]}]}},"_links":{"self":[{"href":"https:\/\/ujtrading.se\/sv\/wp-json\/wp\/v2\/pages\/38527","targetHints":{"allow":["GET"]}}],"collection":[{"href":"https:\/\/ujtrading.se\/sv\/wp-json\/wp\/v2\/pages"}],"about":[{"href":"https:\/\/ujtrading.se\/sv\/wp-json\/wp\/v2\/types\/page"}],"author":[{"embeddable":true,"href":"https:\/\/ujtrading.se\/sv\/wp-json\/wp\/v2\/users\/1"}],"replies":[{"embeddable":true,"href":"https:\/\/ujtrading.se\/sv\/wp-json\/wp\/v2\/comments?post=38527"}],"version-history":[{"count":11,"href":"https:\/\/ujtrading.se\/sv\/wp-json\/wp\/v2\/pages\/38527\/revisions"}],"predecessor-version":[{"id":39100,"href":"https:\/\/ujtrading.se\/sv\/wp-json\/wp\/v2\/pages\/38527\/revisions\/39100"}],"wp:attachment":[{"href":"https:\/\/ujtrading.se\/sv\/wp-json\/wp\/v2\/media?parent=38527"}],"curies":[{"name":"wp","href":"https:\/\/api.w.org\/{rel}","templated":true}]}}